{"id":4846,"date":"2023-06-05T18:01:20","date_gmt":"2023-06-05T16:01:20","guid":{"rendered":"https:\/\/staging.private-estate.fr\/?page_id=4846"},"modified":"2023-11-14T15:44:34","modified_gmt":"2023-11-14T14:44:34","slug":"mentions-legales","status":"publish","type":"page","link":"https:\/\/private-estate.fr\/en\/legal-notice\/","title":{"rendered":"Legal notice"},"content":{"rendered":"<div data-elementor-type=\"wp-page\" data-elementor-id=\"4846\" class=\"elementor elementor-4846\" data-elementor-post-type=\"page\">\n\t\t\t\t\t\t\t\t\t<section class=\"elementor-section elementor-top-section elementor-element elementor-element-79a960d elementor-section-full_width elementor-section-height-default elementor-section-height-default\" data-id=\"79a960d\" data-element_type=\"section\">\n\t\t\t\t\t\t<div class=\"elementor-container elementor-column-gap-no\">\n\t\t\t\t\t<div class=\"elementor-column elementor-col-100 elementor-top-column elementor-element elementor-element-2035070\" data-id=\"2035070\" data-element_type=\"column\">\n\t\t\t<div class=\"elementor-widget-wrap elementor-element-populated\">\n\t\t\t\t\t\t\t\t<div class=\"elementor-element elementor-element-7f08544 elementor--h-position-center elementor--v-position-middle elementor-widget elementor-widget-slides\" data-id=\"7f08544\" data-element_type=\"widget\" data-settings=\"{&quot;navigation&quot;:&quot;none&quot;,&quot;transition&quot;:&quot;fade&quot;,&quot;transition_speed&quot;:500}\" data-widget_type=\"slides.default\">\n\t\t\t\t<div class=\"elementor-widget-container\">\n\t\t\t<style>.elementor-slides .swiper-slide-bg{background-size:cover;background-position:50%;background-repeat:no-repeat;min-width:100%;min-height:100%}.elementor-slides .swiper-slide-inner{background-repeat:no-repeat;background-position:50%;position:absolute;top:0;left:0;bottom:0;right:0;padding:50px;margin:auto}.elementor-slides .swiper-slide-inner,.elementor-slides .swiper-slide-inner:hover{color:#fff;display:flex}.elementor-slides .swiper-slide-inner .elementor-background-overlay{position:absolute;z-index:0;top:0;bottom:0;left:0;right:0}.elementor-slides .swiper-slide-inner .elementor-slide-content{position:relative;z-index:1;width:100%}.elementor-slides .swiper-slide-inner .elementor-slide-heading{font-size:35px;font-weight:700;line-height:1}.elementor-slides .swiper-slide-inner .elementor-slide-description{font-size:17px;line-height:1.4}.elementor-slides .swiper-slide-inner .elementor-slide-description:not(:last-child),.elementor-slides .swiper-slide-inner .elementor-slide-heading:not(:last-child){margin-bottom:30px}.elementor-slides .swiper-slide-inner .elementor-slide-button{border:2px solid #fff;color:#fff;background:transparent;display:inline-block}.elementor-slides .swiper-slide-inner .elementor-slide-button,.elementor-slides .swiper-slide-inner .elementor-slide-button:hover{background:transparent;color:inherit;text-decoration:none}.elementor--v-position-top .swiper-slide-inner{align-items:flex-start}.elementor--v-position-bottom .swiper-slide-inner{align-items:flex-end}.elementor--v-position-middle .swiper-slide-inner{align-items:center}.elementor--h-position-left .swiper-slide-inner{justify-content:flex-start}.elementor--h-position-right .swiper-slide-inner{justify-content:flex-end}.elementor--h-position-center .swiper-slide-inner{justify-content:center}body.rtl .elementor-widget-slides .elementor-swiper-button-next{left:10px;right:auto}body.rtl .elementor-widget-slides .elementor-swiper-button-prev{right:10px;left:auto}.elementor-slides-wrapper div:not(.swiper-slide)>.swiper-slide-inner{display:none}@media (max-width:767px){.elementor-slides .swiper-slide-inner{padding:30px}.elementor-slides .swiper-slide-inner .elementor-slide-heading{font-size:23px;line-height:1;margin-bottom:15px}.elementor-slides .swiper-slide-inner .elementor-slide-description{font-size:13px;line-height:1.4;margin-bottom:15px}}<\/style>\t\t<div class=\"elementor-swiper\">\n\t\t\t<div class=\"elementor-slides-wrapper elementor-main-swiper swiper-container\" dir=\"ltr\" data-animation=\"fadeInUp\">\n\t\t\t\t<div class=\"swiper-wrapper elementor-slides\">\n\t\t\t\t\t\t\t\t\t\t<div class=\"elementor-repeater-item-0041dd8 swiper-slide\"><div class=\"swiper-slide-bg\" role=\"img\"><\/div><div class=\"swiper-slide-inner\" ><div class=\"swiper-slide-contents\"><div class=\"elementor-slide-heading\">Legal notice<\/div><\/div><\/div><\/div>\t\t\t\t<\/div>\n\t\t\t\t\t\t\t<\/div>\n\t\t<\/div>\n\t\t\t\t<\/div>\n\t\t\t\t<\/div>\n\t\t\t\t\t<\/div>\n\t\t<\/div>\n\t\t\t\t\t\t\t<\/div>\n\t\t<\/section>\n\t\t\t\t<section class=\"elementor-section elementor-top-section elementor-element elementor-element-097cd47 elementor-section-boxed elementor-section-height-default elementor-section-height-default\" data-id=\"097cd47\" data-element_type=\"section\">\n\t\t\t\t\t\t<div class=\"elementor-container elementor-column-gap-wider\">\n\t\t\t\t\t<div class=\"elementor-column elementor-col-100 elementor-top-column elementor-element elementor-element-12ec91e\" data-id=\"12ec91e\" data-element_type=\"column\">\n\t\t\t<div class=\"elementor-widget-wrap elementor-element-populated\">\n\t\t\t\t\t\t\t\t<div class=\"elementor-element elementor-element-c362bb1 elementor-widget elementor-widget-text-editor\" data-id=\"c362bb1\" data-element_type=\"widget\" id=\"mentions-legales\" data-widget_type=\"text-editor.default\">\n\t\t\t\t<div class=\"elementor-widget-container\">\n\t\t\t<style>\/*! elementor - v3.17.0 - 08-11-2023 *\/\n.elementor-widget-text-editor.elementor-drop-cap-view-stacked .elementor-drop-cap{background-color:#69727d;color:#fff}.elementor-widget-text-editor.elementor-drop-cap-view-framed .elementor-drop-cap{color:#69727d;border:3px solid;background-color:transparent}.elementor-widget-text-editor:not(.elementor-drop-cap-view-default) .elementor-drop-cap{margin-top:8px}.elementor-widget-text-editor:not(.elementor-drop-cap-view-default) .elementor-drop-cap-letter{width:1em;height:1em}.elementor-widget-text-editor .elementor-drop-cap{float:left;text-align:center;line-height:1;font-size:50px}.elementor-widget-text-editor .elementor-drop-cap-letter{display:inline-block}<\/style>\t\t\t\t<h1>Legal notice<\/h1>\n<p>PRIVATE ESTATE is a commercial name of the COCCIMMO company, simplified joint-stock company with a capital of \u20ac 10,000 and a head office located:<\/p>\n<p>c\/o SPACES Nice Grand Arenas<br \/>\nimmeuble Nouvel\u2019R \u2013 B\u00e2timent B<br \/>\n143 boulevard Ren\u00e9 Cassin<br \/>\n06200 Nice France<br \/>\nT\u00e9l\u00e9phone : +33 (0) 6 86 93 72 48<\/p>\n<p>Registre du Commerce et des Soci\u00e9t\u00e9s de Nice : 750 241 143<br \/>\nCarte professionnelle : CPI 0605 2016 000 006 956<br \/>\nCaisse de garantie : Galian Assurances 44488 120000 EUR<\/p>\n<p>In the event of a dispute with the PRIVATE ESTATE agency relating to the execution of a contract of sale or provision of services, the consumer is informed that he has the possibility of seizing the mediator of consumption under the conditions provided for in articles L 611-1 and following of the Consumer Code, whose contact details are:<\/p>\n<p>MEDIMMOCONSO<br \/>\n3 avenue Adrien MOISANT, 78400 CHATOU<br \/>\nSite internet :\u00a0https:\/\/medimmoconso.fr<br \/>\nMail :\u00a0<a href=\"mailto:contact@medimmoconso.fr\">contact@medimmoconso.fr<\/a><\/p>\n<p>&nbsp;<\/p>\n<h2>Website Editor<\/h2>\n<p class=\" translation-block\">Le site PRIVATE-ESTATE.FR est \u00e9dit\u00e9 par la soci\u00e9t\u00e9 COCCIMMO,<br>\r\nSAS au capital de 10&nbsp;000 \u20ac ayant son si\u00e8ge social&nbsp;:<\/p>\n<p>c\/o SPACES Nice Grand Arenas<br \/>\nimmeuble Nouvel\u2019R \u2013 B\u00e2timent B<br \/>\n143 boulevard Ren\u00e9 Cassin<br \/>\n06200 Nice &#8211; France<br \/>\nT\u00e9l\u00e9phone : +33 (0) 6 86 93 72 48<\/p>\n<p>E-mail address: <a href=\"mailto:wpadmin@gemea.com\">wpadmin@gemea.com<\/a><\/p>\n<p>The Director of Publication Fran\u00e7ois Comtesse<\/p>\n<p>&nbsp;<\/p>\n<h2>Site Host<\/h2>\n<p>The website is hosted by the company: OVH<\/p>\n<p>Adresse : 2, rue Kellermann BP 80157 59053 ROUBAIX Cedex 1<br \/>\nEmail: support@ovh.com<br \/>\nT\u00e9l. : +33 (0)8 203 203 63<br \/>\nTrade and companies Register number of Lille: B 424 761 419<\/p>\n<p>Communication agency<br \/>\nGEMEA Interactive<br \/>\nE-Mail : info@gemea.com<br \/>\nT\u00e9l. : +33(0) 9 50 02 74 00<\/p>\n<p>Creation of this website<br \/>\nCommunication agency specializing in website creation<br \/>\nGEMEA Interactive<br \/>\nE-Mail : info@gemea.com<br \/>\nT\u00e9l. : +33(0) 9 50 02 74 00<\/p>\n<p>Intellectual property:<br \/>\nThe content of this site is protected by copyright. Any reproduction without the express consent of the director of publication is strictly prohibited.<\/p>\n<h2>Use of cookies<\/h2>\n<h3>What is a cookie?<\/h3>\n<p>A cookie is a small text file that websites save on your computer or mobile device when you visit them. It allows these sites to memorize your actions and preferences (username, language, font size and other display settings) for a given time, so that you do not have to re-enter this information each time you visit these sites or navigate from one page to another.<\/p>\n<h3>How can I disable cookies?<\/h3>\n<p>You can control and\/or delete cookies as you wish. To learn more, visit aboutcookies.org. You have the option of deleting all cookies already stored on your computer and configuring most browsers to block them. However, in this case, you may need to set certain preferences yourself each time you visit a site, and some services and features may not be accessible.<\/p>\n<h3>Why does Private Estate use cookies ?<\/h3>\n<p>Private Estate uses cookies to:<\/p>\n<ul>\n<li>Manage your preferences when browsing the site<\/li>\n<li>Improve our services and enable audience measurement<\/li>\n<\/ul>\n<p>Other cookies may be added by third-party applications such as social network sharing buttons.<\/p>\n\t\t\t\t\t\t<\/div>\n\t\t\t\t<\/div>\n\t\t\t\t<div class=\"elementor-element elementor-element-7341f1d elementor-hidden-desktop elementor-hidden-tablet elementor-hidden-mobile elementor-widget elementor-widget-text-editor\" data-id=\"7341f1d\" data-element_type=\"widget\" id=\"cgv\" data-widget_type=\"text-editor.default\">\n\t\t\t\t<div class=\"elementor-widget-container\">\n\t\t\t\t\t\t\t\t\t\t\t\t\t<\/div>\n\t\t\t\t<\/div>\n\t\t\t\t\t<\/div>\n\t\t<\/div>\n\t\t\t\t\t\t\t<\/div>\n\t\t<\/section>\n\t\t\t\t\t\t\t<\/div>","protected":false},"excerpt":{"rendered":"","protected":false},"author":2,"featured_media":0,"parent":0,"menu_order":10,"comment_status":"closed","ping_status":"closed","template":"elementor_header_footer","meta":{"footnotes":""},"folder":[17],"class_list":["post-4846","page","type-page","status-publish","hentry"],"_links":{"self":[{"href":"https:\/\/private-estate.fr\/en\/wp-json\/wp\/v2\/pages\/4846","targetHints":{"allow":["GET"]}}],"collection":[{"href":"https:\/\/private-estate.fr\/en\/wp-json\/wp\/v2\/pages"}],"about":[{"href":"https:\/\/private-estate.fr\/en\/wp-json\/wp\/v2\/types\/page"}],"author":[{"embeddable":true,"href":"https:\/\/private-estate.fr\/en\/wp-json\/wp\/v2\/users\/2"}],"replies":[{"embeddable":true,"href":"https:\/\/private-estate.fr\/en\/wp-json\/wp\/v2\/comments?post=4846"}],"version-history":[{"count":6,"href":"https:\/\/private-estate.fr\/en\/wp-json\/wp\/v2\/pages\/4846\/revisions"}],"predecessor-version":[{"id":5839,"href":"https:\/\/private-estate.fr\/en\/wp-json\/wp\/v2\/pages\/4846\/revisions\/5839"}],"wp:attachment":[{"href":"https:\/\/private-estate.fr\/en\/wp-json\/wp\/v2\/media?parent=4846"}],"wp:term":[{"taxonomy":"folder","embeddable":true,"href":"https:\/\/private-estate.fr\/en\/wp-json\/wp\/v2\/folder?post=4846"}],"curies":[{"name":"wp","href":"https:\/\/api.w.org\/{rel}","templated":true}]}}