{"id":47,"date":"2021-09-17T11:08:50","date_gmt":"2021-09-17T09:08:50","guid":{"rendered":"https:\/\/mockup.gemea.com\/?page_id=47"},"modified":"2023-12-20T13:18:12","modified_gmt":"2023-12-20T12:18:12","slug":"lagence-lequipe","status":"publish","type":"page","link":"https:\/\/private-estate.fr\/en\/the-agency-the-team\/","title":{"rendered":"The Agency &amp; The Team"},"content":{"rendered":"<div data-elementor-type=\"wp-page\" data-elementor-id=\"47\" class=\"elementor elementor-47\" data-elementor-post-type=\"page\">\n\t\t\t\t\t\t\t\t\t<section class=\"elementor-section elementor-top-section elementor-element elementor-element-5985a45 elementor-section-full_width elementor-section-height-default elementor-section-height-default\" data-id=\"5985a45\" data-element_type=\"section\">\n\t\t\t\t\t\t<div class=\"elementor-container elementor-column-gap-no\">\n\t\t\t\t\t<div class=\"elementor-column elementor-col-100 elementor-top-column elementor-element elementor-element-84c802c\" data-id=\"84c802c\" data-element_type=\"column\">\n\t\t\t<div class=\"elementor-widget-wrap elementor-element-populated\">\n\t\t\t\t\t\t\t\t<div class=\"elementor-element elementor-element-070822e elementor-widget elementor-widget-image\" data-id=\"070822e\" data-element_type=\"widget\" data-widget_type=\"image.default\">\n\t\t\t\t<div class=\"elementor-widget-container\">\n\t\t\t<style>\/*! elementor - v3.17.0 - 08-11-2023 *\/\n.elementor-widget-image{text-align:center}.elementor-widget-image a{display:inline-block}.elementor-widget-image a img[src$=\".svg\"]{width:48px}.elementor-widget-image img{vertical-align:middle;display:inline-block}<\/style>\t\t\t\t\t\t\t\t\t\t\t\t<img decoding=\"async\" width=\"800\" height=\"360\" src=\"https:\/\/private-estate.fr\/wp-content\/uploads\/2023\/11\/privete-estate-team.webp\" class=\"attachment-large size-large wp-image-5897\" alt=\"\" srcset=\"https:\/\/private-estate.fr\/wp-content\/uploads\/2023\/11\/privete-estate-team.webp 1920w, https:\/\/private-estate.fr\/wp-content\/uploads\/2023\/11\/privete-estate-team-720x324.webp 720w, https:\/\/private-estate.fr\/wp-content\/uploads\/2023\/11\/privete-estate-team-300x135.webp 300w, https:\/\/private-estate.fr\/wp-content\/uploads\/2023\/11\/privete-estate-team-768x346.webp 768w, https:\/\/private-estate.fr\/wp-content\/uploads\/2023\/11\/privete-estate-team-1536x692.webp 1536w, https:\/\/private-estate.fr\/wp-content\/uploads\/2023\/11\/privete-estate-team-18x8.webp 18w\" sizes=\"(max-width: 800px) 100vw, 800px\" \/>\t\t\t\t\t\t\t\t\t\t\t\t\t\t\t<\/div>\n\t\t\t\t<\/div>\n\t\t\t\t<div class=\"elementor-element elementor-element-9846c6d elementor-absolute elementor-invisible elementor-widget elementor-widget-heading\" data-id=\"9846c6d\" data-element_type=\"widget\" data-settings=\"{&quot;_position&quot;:&quot;absolute&quot;,&quot;_animation&quot;:&quot;fadeInUp&quot;}\" data-widget_type=\"heading.default\">\n\t\t\t\t<div class=\"elementor-widget-container\">\n\t\t\t<style>\/*! elementor - v3.17.0 - 08-11-2023 *\/\n.elementor-heading-title{padding:0;margin:0;line-height:1}.elementor-widget-heading .elementor-heading-title[class*=elementor-size-]>a{color:inherit;font-size:inherit;line-height:inherit}.elementor-widget-heading .elementor-heading-title.elementor-size-small{font-size:15px}.elementor-widget-heading .elementor-heading-title.elementor-size-medium{font-size:19px}.elementor-widget-heading .elementor-heading-title.elementor-size-large{font-size:29px}.elementor-widget-heading .elementor-heading-title.elementor-size-xl{font-size:39px}.elementor-widget-heading .elementor-heading-title.elementor-size-xxl{font-size:59px}<\/style><div class=\"elementor-heading-title elementor-size-default\">The Agency &amp; The Team<\/div>\t\t<\/div>\n\t\t\t\t<\/div>\n\t\t\t\t\t<\/div>\n\t\t<\/div>\n\t\t\t\t\t\t\t<\/div>\n\t\t<\/section>\n\t\t\t\t<section class=\"elementor-section elementor-top-section elementor-element elementor-element-63c7d20 elementor-section-boxed elementor-section-height-default elementor-section-height-default\" data-id=\"63c7d20\" data-element_type=\"section\">\n\t\t\t\t\t\t<div class=\"elementor-container elementor-column-gap-wider\">\n\t\t\t\t\t<div class=\"elementor-column elementor-col-100 elementor-top-column elementor-element elementor-element-48fff6f\" data-id=\"48fff6f\" data-element_type=\"column\">\n\t\t\t<div class=\"elementor-widget-wrap elementor-element-populated\">\n\t\t\t\t\t\t\t\t<div class=\"elementor-element elementor-element-2c92cdc elementor-widget elementor-widget-text-editor\" data-id=\"2c92cdc\" data-element_type=\"widget\" data-widget_type=\"text-editor.default\">\n\t\t\t\t<div class=\"elementor-widget-container\">\n\t\t\t<style>\/*! elementor - v3.17.0 - 08-11-2023 *\/\n.elementor-widget-text-editor.elementor-drop-cap-view-stacked .elementor-drop-cap{background-color:#69727d;color:#fff}.elementor-widget-text-editor.elementor-drop-cap-view-framed .elementor-drop-cap{color:#69727d;border:3px solid;background-color:transparent}.elementor-widget-text-editor:not(.elementor-drop-cap-view-default) .elementor-drop-cap{margin-top:8px}.elementor-widget-text-editor:not(.elementor-drop-cap-view-default) .elementor-drop-cap-letter{width:1em;height:1em}.elementor-widget-text-editor .elementor-drop-cap{float:left;text-align:center;line-height:1;font-size:50px}.elementor-widget-text-editor .elementor-drop-cap-letter{display:inline-block}<\/style>\t\t\t\t<h1 style=\"text-align: center;\">The Off Market Real Estate Agency<\/h1><p>Our real estate agency is not located in a specific prestigious area well known for its high-quality properties. That would mean restrict the geographical area and waste our customers' precious time. We made the choice of a different approach : stay \u201coff market\u201d, outside the market, and be directly accessible to the concerned people where they are !<\/p><p>About 75% of private jets users travelling to or from the French Riviera and Monaco, whether for personal or professional reasons, use the narrow departures and arrivals corridor of the Nice-C\u00f4te d'Azur airport General Aviation Terminal where we are placed. That means around 20.000 flights a year, 300 the hottest days, and more than 10 years of presence on site have made it possible to make us known and even to create relationships with both these high-quality passengers and with their staff or their family office.<\/p><h2 style=\"text-align: center;\">Expertise and Professionalism<\/h2><p>Our team is made up of passionate, experimented and competent professionals mastering the particularities of the luxury real estate market and the codes induced by the concerned customers and prospects.<\/p><p>We offer a wide range of unique and prestigious properties in the most sought-after locations : Cannes, Monaco, Saint-Tropez, Paris, the Alps\u2026 but also abroad in Europe, USA, and even in the middle of the Pacific Ocean. Many of these properties are off market and\/or in exclusivity, and through our many relationships and partnerships, we are able to respond to any request.<\/p><p>We pride ourselves on our reputation for excellence and are committed to providing our clients with a superior experience either when searching for their next luxury property or when selling theirs.<\/p>\t\t\t\t\t\t<\/div>\n\t\t\t\t<\/div>\n\t\t\t\t<div class=\"elementor-element elementor-element-f8c5f02 elementor-cta--layout-image-above elementor-widget__width-initial elementor-widget-mobile__width-inherit elementor-cta--skin-classic elementor-animated-content elementor-widget elementor-widget-call-to-action\" data-id=\"f8c5f02\" data-element_type=\"widget\" data-widget_type=\"call-to-action.default\">\n\t\t\t\t<div class=\"elementor-widget-container\">\n\t\t\t<link rel=\"stylesheet\" href=\"https:\/\/private-estate.fr\/wp-content\/uploads\/elementor\/css\/custom-pro-widget-call-to-action.min.css?ver=1707739774\">\t\t<div class=\"elementor-cta\">\n\t\t\t\t\t<div class=\"elementor-cta__bg-wrapper\">\n\t\t\t\t<div class=\"elementor-cta__bg elementor-bg\" style=\"background-image: url(https:\/\/private-estate.fr\/wp-content\/uploads\/2023\/08\/Simon-ROCHEFORT-480x360.jpg);\" role=\"img\" aria-label=\"Simon ROCHEFORT\"><\/div>\n\t\t\t\t<div class=\"elementor-cta__bg-overlay\"><\/div>\n\t\t\t<\/div>\n\t\t\t\t\t\t\t<div class=\"elementor-cta__content\">\n\t\t\t\t\n\t\t\t\t\t\t\t\t\t<div class=\"elementor-cta__title elementor-cta__content-item elementor-content-item\">\n\t\t\t\t\t\tSimon ROCHEFORT\t\t\t\t\t<\/div>\n\t\t\t\t\n\t\t\t\t\t\t\t\t\t<div class=\"elementor-cta__description elementor-cta__content-item elementor-content-item\">\n\t\t\t\t\t\tCo-founder Associate<br><br>\n<a href=\"mailto:simon@private-estate.fr\">simon@private-estate.fr<\/a>\n\n\t\t\t\t\t<\/div>\n\t\t\t\t\n\t\t\t\t\t\t\t\t\t<div class=\"elementor-cta__button-wrapper elementor-cta__content-item elementor-content-item\">\n\t\t\t\t\t<a class=\"elementor-cta__button elementor-button elementor-size-sm\" href=\"tel: 33 (0) 6 69 97 16 80\">\n\t\t\t\t\t\t+33 (0) 6 69 97 16 80\t\t\t\t\t<\/a>\n\t\t\t\t\t<\/div>\n\t\t\t\t\t\t\t<\/div>\n\t\t\t\t\t\t<\/div>\n\t\t\t\t<\/div>\n\t\t\t\t<\/div>\n\t\t\t\t<div class=\"elementor-element elementor-element-683d053 elementor-cta--layout-image-above elementor-widget__width-initial elementor-widget-mobile__width-inherit elementor-cta--skin-classic elementor-animated-content elementor-widget elementor-widget-call-to-action\" data-id=\"683d053\" data-element_type=\"widget\" data-widget_type=\"call-to-action.default\">\n\t\t\t\t<div class=\"elementor-widget-container\">\n\t\t\t\t\t<div class=\"elementor-cta\">\n\t\t\t\t\t<div class=\"elementor-cta__bg-wrapper\">\n\t\t\t\t<div class=\"elementor-cta__bg elementor-bg\" style=\"background-image: url(https:\/\/private-estate.fr\/wp-content\/uploads\/2023\/03\/Francois-COMTESSE-300x225.jpg);\" role=\"img\" aria-label=\"Francois-COMTESSE\"><\/div>\n\t\t\t\t<div class=\"elementor-cta__bg-overlay\"><\/div>\n\t\t\t<\/div>\n\t\t\t\t\t\t\t<div class=\"elementor-cta__content\">\n\t\t\t\t\n\t\t\t\t\t\t\t\t\t<div class=\"elementor-cta__title elementor-cta__content-item elementor-content-item\">\n\t\t\t\t\t\tFran\u00e7ois COMTESSE\t\t\t\t\t<\/div>\n\t\t\t\t\n\t\t\t\t\t\t\t\t\t<div class=\"elementor-cta__description elementor-cta__content-item elementor-content-item\">\n\t\t\t\t\t\tAgency Director<br><br><a href=\"mailto:francois@private-estate.fr\">francois@private-estate.fr<\/a>\t\t\t\t\t<\/div>\n\t\t\t\t\n\t\t\t\t\t\t\t\t\t<div class=\"elementor-cta__button-wrapper elementor-cta__content-item elementor-content-item\">\n\t\t\t\t\t<a class=\"elementor-cta__button elementor-button elementor-size-sm\" href=\"tel: 33 (0) 6 86 93 72 48\">\n\t\t\t\t\t\t+33 (0) 6 86 93 72 48\t\t\t\t\t<\/a>\n\t\t\t\t\t<\/div>\n\t\t\t\t\t\t\t<\/div>\n\t\t\t\t\t\t<\/div>\n\t\t\t\t<\/div>\n\t\t\t\t<\/div>\n\t\t\t\t<div class=\"elementor-element elementor-element-dea75e5 elementor-cta--layout-image-above elementor-widget__width-initial elementor-widget-mobile__width-inherit elementor-cta--skin-classic elementor-animated-content elementor-widget elementor-widget-call-to-action\" data-id=\"dea75e5\" data-element_type=\"widget\" data-widget_type=\"call-to-action.default\">\n\t\t\t\t<div class=\"elementor-widget-container\">\n\t\t\t\t\t<div class=\"elementor-cta\">\n\t\t\t\t\t<div class=\"elementor-cta__bg-wrapper\">\n\t\t\t\t<div class=\"elementor-cta__bg elementor-bg\" style=\"background-image: url(https:\/\/private-estate.fr\/wp-content\/uploads\/2023\/08\/Matthieu-DRISS-300x225.jpg);\" role=\"img\" aria-label=\"Matthieu DRISS\"><\/div>\n\t\t\t\t<div class=\"elementor-cta__bg-overlay\"><\/div>\n\t\t\t<\/div>\n\t\t\t\t\t\t\t<div class=\"elementor-cta__content\">\n\t\t\t\t\n\t\t\t\t\t\t\t\t\t<div class=\"elementor-cta__title elementor-cta__content-item elementor-content-item\">\n\t\t\t\t\t\tMatthieu DRISS\t\t\t\t\t<\/div>\n\t\t\t\t\n\t\t\t\t\t\t\t\t\t<div class=\"elementor-cta__description elementor-cta__content-item elementor-content-item\">\n\t\t\t\t\t\tCommercial agent<br><br>\n<a href=\"mailto:matthieu@private-estate.fr\">matthieu@private-estate.fr<\/a>\t\t\t\t\t<\/div>\n\t\t\t\t\n\t\t\t\t\t\t\t\t\t<div class=\"elementor-cta__button-wrapper elementor-cta__content-item elementor-content-item\">\n\t\t\t\t\t<a class=\"elementor-cta__button elementor-button elementor-size-sm\" href=\"tel: 33 (0) 6 24 62 97 06\">\n\t\t\t\t\t\t+33 (0) 6 24 62 97 06\t\t\t\t\t<\/a>\n\t\t\t\t\t<\/div>\n\t\t\t\t\t\t\t<\/div>\n\t\t\t\t\t\t<\/div>\n\t\t\t\t<\/div>\n\t\t\t\t<\/div>\n\t\t\t\t\t<\/div>\n\t\t<\/div>\n\t\t\t\t\t\t\t<\/div>\n\t\t<\/section>\n\t\t\t\t\t\t\t<\/div>","protected":false},"excerpt":{"rendered":"<p>L\u2019Agence Immobili\u00e8re Off Market Notre agence immobili\u00e8re n\u2019est pas situ\u00e9e dans un secteur prestigieux particulier connu pour ses biens de grande qualit\u00e9. Cela signifierait restreindre la zone g\u00e9ographique et faire perdre le pr\u00e9cieux temps de nos clients. Nous avons fait le choix d\u2019une approche diff\u00e9rente : rester \u00ab off market \u00bb, en dehors du march\u00e9, [&hellip;]<\/p>","protected":false},"author":1,"featured_media":0,"parent":0,"menu_order":7,"comment_status":"closed","ping_status":"closed","template":"elementor_header_footer","meta":{"footnotes":""},"folder":[15],"class_list":["post-47","page","type-page","status-publish","hentry"],"_links":{"self":[{"href":"https:\/\/private-estate.fr\/en\/wp-json\/wp\/v2\/pages\/47","targetHints":{"allow":["GET"]}}],"collection":[{"href":"https:\/\/private-estate.fr\/en\/wp-json\/wp\/v2\/pages"}],"about":[{"href":"https:\/\/private-estate.fr\/en\/wp-json\/wp\/v2\/types\/page"}],"author":[{"embeddable":true,"href":"https:\/\/private-estate.fr\/en\/wp-json\/wp\/v2\/users\/1"}],"replies":[{"embeddable":true,"href":"https:\/\/private-estate.fr\/en\/wp-json\/wp\/v2\/comments?post=47"}],"version-history":[{"count":54,"href":"https:\/\/private-estate.fr\/en\/wp-json\/wp\/v2\/pages\/47\/revisions"}],"predecessor-version":[{"id":6040,"href":"https:\/\/private-estate.fr\/en\/wp-json\/wp\/v2\/pages\/47\/revisions\/6040"}],"wp:attachment":[{"href":"https:\/\/private-estate.fr\/en\/wp-json\/wp\/v2\/media?parent=47"}],"wp:term":[{"taxonomy":"folder","embeddable":true,"href":"https:\/\/private-estate.fr\/en\/wp-json\/wp\/v2\/folder?post=47"}],"curies":[{"name":"wp","href":"https:\/\/api.w.org\/{rel}","templated":true}]}}